{"id":128,"date":"2023-07-14T08:11:39","date_gmt":"2023-07-14T08:11:39","guid":{"rendered":"https:\/\/www.ogniwazdrowia.pl\/?page_id=128"},"modified":"2024-05-14T18:03:45","modified_gmt":"2024-05-14T18:03:45","slug":"73-2-2","status":"publish","type":"page","link":"https:\/\/www.ogniwazdrowia.pl\/","title":{"rendered":""},"content":{"rendered":"\n<div class=\"wp-block-columns is-layout-flex wp-container-4\">\n<div class=\"wp-block-column is-layout-flow\"><div class=\"wp-block-image is-style-rounded\">\n<figure class=\"aligncenter size-full is-resized\"><img fetchpriority=\"high\" decoding=\"async\" src=\"https:\/\/www.ogniwazdrowia.pl\/wp-content\/uploads\/2023\/06\/jacek-profil2-edited.jpg\" alt=\"\" class=\"wp-image-123\" width=\"310\" height=\"310\" srcset=\"https:\/\/www.ogniwazdrowia.pl\/wp-content\/uploads\/2023\/06\/jacek-profil2-edited.jpg 407w, https:\/\/www.ogniwazdrowia.pl\/wp-content\/uploads\/2023\/06\/jacek-profil2-edited-300x300.jpg 300w, https:\/\/www.ogniwazdrowia.pl\/wp-content\/uploads\/2023\/06\/jacek-profil2-edited-150x150.jpg 150w\" sizes=\"(max-width: 310px) 100vw, 310px\" \/><\/figure><\/div><\/div>\n\n\n\n<div class=\"wp-block-column is-layout-flow\">\n<p id=\"top\">Mgr Jacek Berestecki &#8211; fizjoterapeuta od 2009 roku, naturopata. Pasjonat zdrowia, fizjologii, biochemii oraz najnowszych osi\u0105gni\u0119\u0107 medycyny, a tak\u017ce starych metod terapii, zielarstwa, medycyny rosyjskiej i azjatyckiej. W swojej terapii uwzgl\u0119dniam nie tylko potrzeby cia\u0142a, ale r\u00f3wnie\u017c zale\u017cno\u015bci emocjonalne i umys\u0142owe, co pozwala osi\u0105gn\u0105\u0107 znacznie lepsze efekty w terapii.<\/p>\n\n\n\n<p>Je\u017celi bezskutecznie zmagasz si\u0119 z dolegliwo\u015bciami od d\u0142ugiego czasu, zapraszam do kontaktu!<\/p>\n\n\n\n<div style=\"height:53px\" aria-hidden=\"true\" class=\"wp-block-spacer\"><\/div>\n\n\n\n<div class=\"wp-block-buttons is-content-justification-center is-layout-flex wp-container-2\">\n<div class=\"wp-block-button is-style-outline\"><a class=\"wp-block-button__link wp-element-button\" href=\"mailto:jacekber@wp.pl\" rel=\"mailto:jacekber@wp.pl\">e-mail: jacekber@wp.pl<\/a><\/div>\n\n\n\n<div class=\"wp-block-button is-style-outline\"><a class=\"wp-block-button__link wp-element-button\" href=\"tel:603214319\">telefon: 603 214 319<\/a><\/div>\n<\/div>\n<\/div>\n<\/div>\n\n\n\n<div class=\"wp-block-buttons has-custom-font-size is-content-justification-center is-layout-flex wp-container-5\" style=\"font-size:15px\">\n<div class=\"wp-block-button\"><a class=\"wp-block-button__link wp-element-button\" href=\"#fizjoterapia\">Fizjoterapia &amp; masa\u017c<\/a><\/div>\n\n\n\n<div class=\"wp-block-button\"><a class=\"wp-block-button__link wp-element-button\" href=\"#medycyna\">Medycyna naturalna<\/a><\/div>\n\n\n\n<div class=\"wp-block-button\"><a class=\"wp-block-button__link wp-element-button\" href=\"#odzywianie\">Od\u017cywianie<\/a><\/div>\n\n\n\n<div class=\"wp-block-button\"><a class=\"wp-block-button__link wp-element-button\" href=\"#w-czym\">W czym pomog\u0119?<\/a><\/div>\n\n\n\n<div class=\"wp-block-button\"><a class=\"wp-block-button__link wp-element-button\" href=\"#badania\">Jakie badania przygotowa\u0107?<\/a><\/div>\n\n\n\n<div class=\"wp-block-button\"><a class=\"wp-block-button__link wp-element-button\" href=\"#biorezonans\">Biorezonans &#8211; diagnostyka<\/a><\/div>\n\n\n\n<div class=\"wp-block-button\"><a class=\"wp-block-button__link wp-element-button\" href=\"#cennik\">Cennik<\/a><\/div>\n\n\n\n<div class=\"wp-block-button\"><a class=\"wp-block-button__link wp-element-button\" href=\"#kontakt\">Kontakt<\/a><\/div>\n<\/div>\n\n\n\n<hr class=\"wp-block-separator has-alpha-channel-opacity\"\/>\n\n\n\n<div class=\"wp-block-group is-layout-constrained\"><div class=\"wp-block-group__inner-container\">\n<div class=\"wp-block-columns is-layout-flex wp-container-9\">\n<div class=\"wp-block-column is-layout-flow\">\n<figure class=\"wp-block-image size-large is-resized has-custom-border\"><img decoding=\"async\" src=\"https:\/\/ogniwazdrowia-test.files.wordpress.com\/2023\/06\/pexels-karolina-grabowska-4506217.jpg?w=1024\" alt=\"\" class=\"wp-image-58\" style=\"border-radius:10px\" width=\"564\" height=\"376\"\/><\/figure>\n<\/div>\n\n\n\n<div class=\"wp-block-column is-layout-flow\">\n<h3 class=\"wp-block-heading\" id=\"fizjoterapia\">Fizjoterapia, masa\u017c, dietetyka<\/h3>\n\n\n\n<h4 class=\"wp-block-heading\">uko\u0144czone metody, kursy i szkolenia<\/h4>\n\n\n\n<ul>\n<li>Terapia manualna wg dr Ackermanna &#8211; strukturalna osteopatia i mi\u0119kka chiropraktyka<\/li>\n\n\n\n<li>Nowoczesna terapia kr\u0119gos\u0142upa w aspekcie dysfunkcji narz\u0105d\u00f3w wewn\u0119trznych<\/li>\n\n\n\n<li>Wsp\u00f3\u0142czesne metody fizjoterapii z elementami osteopatii w ginekologii i po\u0142o\u017cnictwie<\/li>\n\n\n\n<li>Techniki nerwowo mi\u0119\u015bniowe \u2013 techniki mobilizacji tkanek mi\u0119kkich<\/li>\n\n\n\n<li>System Spiralnej Stabilizacji Mi\u0119\u015bniowej wg dr Smiska<\/li>\n\n\n\n<li>DNS Dynamic neuromuscular stabilisation wg Kolara<\/li>\n\n\n\n<li>Terapia czaszkowo &#8211; krzy\u017cowa &#8211; model biodynamiczny<\/li>\n\n\n\n<li>Kompleksowa terapia przeciwobrz\u0119kowa<\/li>\n\n\n\n<li>Manipulacja powi\u0119zi wg. Stecco &#8211; lvl II<\/li>\n\n\n\n<li>Terapia wisceralna I, II i III st. wg Ogu\u0142owa<\/li>\n\n\n\n<li>Funkcjonalna terapia manualna<\/li>\n\n\n\n<li>Trening funkcjonalny<\/li>\n\n\n\n<li>Kinesiology taping<\/li>\n\n\n\n<li>Hirudoterapia<\/li>\n\n\n\n<li>Ig\u0142oterapia<\/li>\n\n\n\n<li>Masa\u017c: leczniczy, relaksacyjny, g\u0142\u0119boki, japo\u0144ski<\/li>\n<\/ul>\n\n\n\n<ul>\n<li>Dietetyka i suplementacja poziom l, II, III<\/li>\n\n\n\n<li>Interpretacja wynik\u00f3w bada\u0144 krwi<\/li>\n\n\n\n<li>Suplementacja od A do Z<\/li>\n<\/ul>\n\n\n\n<div class=\"wp-block-buttons is-content-justification-right is-layout-flex wp-container-7\">\n<div class=\"wp-block-button\"><a class=\"wp-block-button__link wp-element-button\" href=\"#top\">Do g\u00f3ry \u2191<\/a><\/div>\n<\/div>\n<\/div>\n<\/div>\n\n\n\n<hr class=\"wp-block-separator has-alpha-channel-opacity\"\/>\n<\/div><\/div>\n\n\n\n<div class=\"wp-block-group is-layout-constrained\"><div class=\"wp-block-group__inner-container\">\n<div class=\"wp-block-columns is-layout-flex wp-container-15\">\n<div class=\"wp-block-column is-content-justification-left is-layout-constrained wp-container-11\" style=\"flex-basis:350px\">\n<figure class=\"wp-block-image size-large is-resized has-custom-border\"><img decoding=\"async\" src=\"https:\/\/ogniwazdrowia-test.files.wordpress.com\/2023\/06\/pexels-nataliya-vaitkevich-7526047.jpg?w=683\" alt=\"\" class=\"wp-image-56\" style=\"border-radius:10px\" width=\"334\" height=\"501\"\/><\/figure>\n<\/div>\n\n\n\n<div class=\"wp-block-column is-layout-flow\">\n<div class=\"wp-block-group is-layout-constrained\"><div class=\"wp-block-group__inner-container\">\n<h3 class=\"wp-block-heading\" id=\"medycyna\">Naturoterapia <\/h3>\n\n\n\n<p>Naturopatia nale\u017cy do medycyny komplementarnej nauczanej na studiach podyplomowych, ca\u0142o\u015bciowo ujmuj\u0105cej cz\u0142owieka w swojej naturze. Udziela porad dotycz\u0105cych higieny \u017cycia, od\u017cywiania, aktywno\u015bci fizycznej, poprawy jako\u015b\u0107 \u017cycia, detoksykacji. W szerokim spektrum stara si\u0119 aktywowa\u0107 naturalne mechanizmy samoleczenia i regeneracji organizmu.<\/p>\n<\/div><\/div>\n\n\n\n<ul>\n<li>naturalne metody przeciwb\u00f3lowe i przeciwzapalne<\/li>\n\n\n\n<li>wskaz\u00f3wki TCM i Ajurwedy<\/li>\n\n\n\n<li>zio\u0142olecznictwo, od\u017cywianie, suplementacja<\/li>\n\n\n\n<li>ba\u0144ki, pijawki, refleksologia, gua sha<\/li>\n\n\n\n<li>techniki oddechowe, trening relaksacji<\/li>\n<\/ul>\n\n\n\n<div class=\"wp-block-buttons is-content-justification-right is-layout-flex wp-container-13\">\n<div class=\"wp-block-button\"><a class=\"wp-block-button__link wp-element-button\" href=\"#top\">Do g\u00f3ry \u2191<\/a><\/div>\n<\/div>\n<\/div>\n<\/div>\n<\/div><\/div>\n\n\n\n<hr class=\"wp-block-separator has-alpha-channel-opacity\"\/>\n\n\n\n<div class=\"wp-block-columns is-layout-flex wp-container-21\">\n<div class=\"wp-block-column is-layout-flow\">\n<figure class=\"wp-block-image size-large is-resized has-custom-border\"><img loading=\"lazy\" decoding=\"async\" src=\"https:\/\/ogniwazdrowia-test.files.wordpress.com\/2023\/06\/pexels-ella-olsson-1640777.jpg?w=1024\" alt=\"\" class=\"wp-image-57\" style=\"border-radius:10px\" width=\"569\" height=\"379\"\/><\/figure>\n<\/div>\n\n\n\n<div class=\"wp-block-column is-layout-flow\">\n<div class=\"wp-block-group is-layout-constrained\"><div class=\"wp-block-group__inner-container\">\n<h3 class=\"wp-block-heading\" id=\"odzywianie\">Od\u017cywianie i suplementacja<\/h3>\n\n\n\n<p>Ustalenie indywidualnej \u015bcie\u017cki od\u017cywiania oraz suplementacji w zakresie dawek witamin, minera\u0142\u00f3w, enzym\u00f3w, aminokwas\u00f3w, zi\u00f3\u0142, post\u00f3w oraz sk\u0142adnik\u00f3w od\u017cywczych w zale\u017cno\u015bci od dolegliwo\u015bci, potrzeb i trybu \u017cycia pacjenta.<\/p>\n<\/div><\/div>\n\n\n\n<div class=\"wp-block-buttons is-content-justification-right is-layout-flex wp-container-19\">\n<div class=\"wp-block-button\"><a class=\"wp-block-button__link wp-element-button\" href=\"#top\">Do g\u00f3ry \u2191<\/a><\/div>\n<\/div>\n<\/div>\n<\/div>\n\n\n\n<div class=\"wp-block-group is-layout-constrained\"><div class=\"wp-block-group__inner-container\">\n<hr class=\"wp-block-separator has-alpha-channel-opacity\"\/>\n\n\n\n<h3 class=\"wp-block-heading\" id=\"w-czym\">W czym pomog\u0119?<\/h3>\n\n\n\n<ul>\n<li>b\u00f3le g\u0142owy, staw\u00f3w, kr\u0119gos\u0142upa<\/li>\n\n\n\n<li>b\u00f3le ostre i przewlek\u0142e, rehabilitacja pourazowa<\/li>\n\n\n\n<li>choroby przewlek\u0142e: trawienne, ortopedyczne, neurologiczne, kr\u0105\u017ceniowe<\/li>\n\n\n\n<li>wady postawy, migrena, nerwob\u00f3le<\/li>\n\n\n\n<li>dolegliwo\u015bci kobiece, stres, depresja<\/li>\n\n\n\n<li>obni\u017cona odporno\u015b\u0107, detoks, oczyszczanie<\/li>\n\n\n\n<li>psychosomatyczne, obrz\u0119ki, blizny<\/li>\n\n\n\n<li>nadci\u015bnienie, cukrzyca, oty\u0142o\u015b\u0107, insulinooporno\u015b\u0107<\/li>\n\n\n\n<li>bezsenno\u015b\u0107, paso\u017cyty, problemy sk\u00f3rne<\/li>\n\n\n\n<li>dysbioza, zgaga, IBS, SIBO, zaparcia, wzd\u0119cia<\/li>\n\n\n\n<li>nowotwory, \u017cylaki, chrapanie, zawa\u0142y, udary<\/li>\n\n\n\n<li>brak enzym\u00f3w, toksyny<\/li>\n\n\n\n<li>i wiele innych..<\/li>\n<\/ul>\n<\/div><\/div>\n\n\n\n<div class=\"wp-block-buttons is-content-justification-right is-layout-flex wp-container-23\">\n<div class=\"wp-block-button\"><a class=\"wp-block-button__link wp-element-button\" href=\"#top\">Do g\u00f3ry \u2191<\/a><\/div>\n<\/div>\n\n\n\n<hr class=\"wp-block-separator has-alpha-channel-opacity\"\/>\n\n\n\n<div class=\"wp-block-group is-layout-constrained\"><div class=\"wp-block-group__inner-container\">\n<h3 class=\"wp-block-heading\" id=\"badania\">Jakie badania przygotowa\u0107?<\/h3>\n\n\n\n<p>W celu wybrania niezb\u0119dnych bada\u0144,<br>prosz\u0119 o wcze\u015bniejszy kontakt.<\/p>\n\n\n\n<ul>\n<li>wypisy ze szpitala<\/li>\n\n\n\n<li>opisy bada\u0144 USG, RTG, TK, MRI<\/li>\n<\/ul>\n\n\n\n<p>Badania krwi i moczu:<\/p>\n\n\n\n<ul>\n<li>krew z rozmazem<\/li>\n\n\n\n<li>lipidogram, lipoproteina Lp(a)<\/li>\n\n\n\n<li>pr\u00f3by w\u0105trobowe<\/li>\n\n\n\n<li>kwas moczowy, kreatynina<\/li>\n\n\n\n<li>\u017celazo, ferrytyna, elektrolity, ALP<\/li>\n\n\n\n<li>homocysteina,, wit. D3 &#8211; 25(OH)<\/li>\n\n\n\n<li>wit. B12: holo &#8211; transkobalamina<\/li>\n\n\n\n<li>HS &#8211; CRP, OB, GGTP<\/li>\n\n\n\n<li>fibrynogen, cystatyna C<\/li>\n\n\n\n<li>mocz: kwas moczowy, CPK, kreatynina<\/li>\n\n\n\n<li>tarczyca: FT3, FT4, anty TPO\/TG, USG<\/li>\n\n\n\n<li>stawy: ASO, RF, anty &#8211; CCP<\/li>\n\n\n\n<li>uk\u0142. pokarmowy: kalprotektyna, panel IgE, IgG, IgA, zonulina<\/li>\n\n\n\n<li>oty\u0142o\u015b\u0107, cukrzyca: hemoglobina glikowana, glukoza na czczo i 2 godziny po posi\u0142ku,<\/li>\n<\/ul>\n<\/div><\/div>\n\n\n\n<div class=\"wp-block-buttons is-content-justification-right is-layout-flex wp-container-25\">\n<div class=\"wp-block-button\"><a class=\"wp-block-button__link wp-element-button\" href=\"#top\">Do g\u00f3ry \u2191<\/a><\/div>\n<\/div>\n\n\n\n<div class=\"wp-block-group is-layout-constrained\"><div class=\"wp-block-group__inner-container\">\n<hr class=\"wp-block-separator has-alpha-channel-opacity\"\/>\n\n\n\n<h3 class=\"wp-block-heading\" id=\"biorezonans\">Biorezonans diagnostyczny<\/h3>\n\n\n\n<p>Analiza zawiera 40 raport\u00f3w oceniaj\u0105cych stan narz\u0105d\u00f3w organizmu (uk\u0142. pokarmowy, kr\u0105\u017cenia itd) oraz poziom witamin, minera\u0142\u00f3w, aminokwas\u00f3w, kwas\u00f3w t\u0142uszczowych, toksyn i metali ci\u0119\u017ckich. Stanowi uzupe\u0142nienie bada\u0144 laboratoryjnych.<\/p>\n<\/div><\/div>\n\n\n\n<div class=\"wp-block-buttons is-content-justification-right is-layout-flex wp-container-27\">\n<div class=\"wp-block-button\"><a class=\"wp-block-button__link wp-element-button\" href=\"#top\">Do g\u00f3ry \u2191<\/a><\/div>\n<\/div>\n\n\n\n<div class=\"wp-block-group is-layout-constrained\"><div class=\"wp-block-group__inner-container\">\n<hr class=\"wp-block-separator has-alpha-channel-opacity\"\/>\n\n\n\n<h3 class=\"wp-block-heading\" id=\"cennik\">Cennik<\/h3>\n\n\n\n<p><strong>Wizyta kompleksowa<\/strong> 1,5h &#8211; 350 z\u0142<br>obejmuje diagnostyk\u0119, naturoterapi\u0119, od\u017cywianie, suplementacj\u0119, autoterapi\u0119<\/p>\n\n\n\n<p><strong>Fizjoterapia<\/strong> 1h- 150 z\u0142<br>terapia manualna, wisceralna, powi\u0119ziowa, czaszkowo &#8211; krzy\u017cowa, ig\u0142oterapia, techniki osteopatyczne<\/p>\n\n\n\n<p><strong>Masa\u017c<\/strong> 50 min &#8211; 130 z\u0142<br>leczniczy, g\u0142\u0119boki, japo\u0144ski, ba\u0144k\u0105, gua sha<\/p>\n\n\n\n<p><strong>Biorezonans diagnostyczny<\/strong> &#8211; 100 z\u0142<\/p>\n\n\n\n<p>Stali klienci\/pakiety &#8211; cena ustalana indywidualnie<\/p>\n\n\n\n<p><strong>Wizyta domowa<\/strong> + 30 &#8211; 50 z\u0142 (zale\u017cne od odleg\u0142o\u015bci)<\/p>\n<\/div><\/div>\n\n\n\n<div class=\"wp-block-buttons is-content-justification-right is-layout-flex wp-container-29\">\n<div class=\"wp-block-button\"><a class=\"wp-block-button__link wp-element-button\" href=\"#top\">Do g\u00f3ry \u2191<\/a><\/div>\n<\/div>\n\n\n\n<div class=\"wp-block-group is-layout-constrained\"><div class=\"wp-block-group__inner-container\">\n<hr class=\"wp-block-separator has-alpha-channel-opacity\"\/>\n\n\n\n<h3 class=\"wp-block-heading\" id=\"kontakt\">Kontakt<\/h3>\n\n\n\n<p>Jacek Berestecki<br>tel: <a href=\"tel:+48 603 214 319\">+48 603 214 319<\/a><br><a href=\"mailto:kontakt@ogniwazdrowia.pl\">kontakt@ogniwazdrowia.pl<br><\/a>Boles\u0142awiec &#8211; wizyty domowe<br>Gabinet Legnica, ul.Nadbrze\u017cna 12<\/p>\n<\/div><\/div>\n","protected":false},"excerpt":{"rendered":"<p>Mgr Jacek Berestecki &#8211; fizjoterapeuta od 2009 roku, naturopata. Pasjonat zdrowia, fizjologii, biochemii oraz najnowszych osi\u0105gni\u0119\u0107 medycyny, a tak\u017ce starych metod terapii, zielarstwa, medycyny rosyjskiej i azjatyckiej. W swojej terapii uwzgl\u0119dniam nie tylko potrzeby cia\u0142a, ale r\u00f3wnie\u017c zale\u017cno\u015bci emocjonalne i umys\u0142owe, co pozwala osi\u0105gn\u0105\u0107 znacznie lepsze efekty w terapii. Je\u017celi bezskutecznie zmagasz si\u0119 z dolegliwo\u015bciami&hellip;&nbsp;<a href=\"https:\/\/www.ogniwazdrowia.pl\/\" rel=\"bookmark\">Czytaj dalej &raquo;<span class=\"screen-reader-text\"><\/span><\/a><\/p>\n","protected":false},"author":1,"featured_media":0,"parent":0,"menu_order":0,"comment_status":"closed","ping_status":"closed","template":"","meta":{"neve_meta_sidebar":"","neve_meta_container":"","neve_meta_enable_content_width":"","neve_meta_content_width":0,"neve_meta_title_alignment":"","neve_meta_author_avatar":"","neve_post_elements_order":"","neve_meta_disable_header":"","neve_meta_disable_footer":"","neve_meta_disable_title":""},"_links":{"self":[{"href":"https:\/\/www.ogniwazdrowia.pl\/index.php\/wp-json\/wp\/v2\/pages\/128"}],"collection":[{"href":"https:\/\/www.ogniwazdrowia.pl\/index.php\/wp-json\/wp\/v2\/pages"}],"about":[{"href":"https:\/\/www.ogniwazdrowia.pl\/index.php\/wp-json\/wp\/v2\/types\/page"}],"author":[{"embeddable":true,"href":"https:\/\/www.ogniwazdrowia.pl\/index.php\/wp-json\/wp\/v2\/users\/1"}],"replies":[{"embeddable":true,"href":"https:\/\/www.ogniwazdrowia.pl\/index.php\/wp-json\/wp\/v2\/comments?post=128"}],"version-history":[{"count":4,"href":"https:\/\/www.ogniwazdrowia.pl\/index.php\/wp-json\/wp\/v2\/pages\/128\/revisions"}],"predecessor-version":[{"id":134,"href":"https:\/\/www.ogniwazdrowia.pl\/index.php\/wp-json\/wp\/v2\/pages\/128\/revisions\/134"}],"wp:attachment":[{"href":"https:\/\/www.ogniwazdrowia.pl\/index.php\/wp-json\/wp\/v2\/media?parent=128"}],"curies":[{"name":"wp","href":"https:\/\/api.w.org\/{rel}","templated":true}]}}